{"id":3,"date":"2020-08-14T14:07:03","date_gmt":"2020-08-14T12:07:03","guid":{"rendered":"https:\/\/axitea.borasolab.it\/?page_id=3"},"modified":"2024-10-08T16:13:09","modified_gmt":"2024-10-08T14:13:09","slug":"privacy-policy","status":"publish","type":"page","link":"https:\/\/www.axitea.com\/it\/privacy-policy\/","title":{"rendered":"Privacy Policy"},"content":{"rendered":"\n\n<h1>\n\t\tPrivacy policy\n\t<\/h1>\n\t<p>La presente Privacy Policy ha lo scopo di descrivere le modalit\u00e0 di gestione del sito www.axitea.com (il &#8220;<em><strong>Sito<\/strong><\/em>&#8220;) in riferimento al trattamento dei dati personali degli utenti che lo consultano.<\/p>\n<p>Si invitano gli utenti a leggere attentamente la presente Privacy Policy prima di inoltrare qualsiasi tipo di informazione personale e\/o compilare qualunque modulo presente sul Sito stesso.<\/p>\n<p><strong>1) Titolarit\u00e0 del trattamento dei dati raccolti e Responsabile della protezione dei dati<\/strong><\/p>\n<p>Il Titolare del trattamento dei dati raccolti sul Sito, ai sensi dell&#8217;art. 4, par. 7, del Regolamento (UE) 2016\/679 in materia di protezione dei dati personali (il &#8220;<strong><em>Regolamento<\/em><\/strong>&#8220;), \u00e8 la societ\u00e0 Axitea S.p.A. (la &#8220;<strong><em>Societ\u00e0<\/em><\/strong>&#8220;), con sede legale in Milano, Via Gallarate, n. 156, P. IVA e C.F. 00818630188, tel. +39. 02 3003131, indirizzo e-mail privacy@axitea.com, indirizzo PEC axiteaspa@axitea-pec.it.<\/p>\n<p>La Societ\u00e0 ha nominato il Responsabile della protezione dei dati, noto con l&#8217;acronimo &#8220;<strong><em>DPO<\/em><\/strong>&#8220;, il quale \u00e8 contattabile a mezzo e-mail al seguente account di posta elettronica: dpo@axitea.com.<\/p>\n<p>La presente informativa mostra per quali scopi potremmo raccogliere i vostri dati, come vengono gestiti, a chi potrebbero essere comunicati e quali sono i vostri diritti.<\/p>\n<p><strong>2) Finalit\u00e0 e base giuridica dei trattamenti svolti sul Sito<\/strong><\/p>\n<p>Attraverso il Sito vengono raccolti e trattati dati personali per le seguenti finalit\u00e0:<\/p>\n<p>(a) &#8220;<em>Informazioni sui nostri servizi<\/em>&#8221; e &#8220;<em>Diventa Partner<\/em>&#8220;: i dati personali (quali nome e cognome, indirizzo di posta elettronica, numero di telefono, job title, denominazione azienda per la quale si lavora o con la quale si collabora e le ulteriori informazioni ivi indicate) forniti volontariamente dall&#8217;utente mediante la compilazione e l&#8217;inoltro degli appositi form presenti sul sito web vengono trattati dalla Societ\u00e0 per fornire un riscontro alle richieste formulate.<\/p>\n<p>(b) <em>Marketing<\/em>: i dati personali (quali nome e cognome, indirizzo di posta elettronica, numero di telefono, job title, denominazione dell&#8217;azienda per la quale si lavora o con la quale si collabora) forniti direttamente dall&#8217;utente mediante la compilazione e l&#8217;inoltro dell&#8217;apposito modulo presente anch&#8217;esso negli appositi form presenti sul sito web sono trattati dalla Societ\u00e0 per (i) inviare, anche tramite newsletter o e-mail, informazioni ed aggiornamenti sui propri prodotti\/servizi, sugli eventi ed altre iniziative dalla stessa promossi nonch\u00e9 (iii) effettuare specifiche ricerche di mercato.<\/p>\n<p>(c) <em>Profilazione<\/em>: i dati personali forniti volontariamente dall&#8217;utente potranno essere trattati per attivit\u00e0 di determinazione delle preferenze al fine di fornire un servizio personalizzato.<\/p>\n<p>(d) <em>Cookies<\/em>: sul Sito, oltre ai dati espressamente conferiti, possono essere registrati altri dati derivanti dalla navigazione da parte dell&#8217;utente: quando l&#8217;utente vi accede, infatti, il Sito pu\u00f2 inviargli un &#8220;cookie&#8221;. Con il termine &#8220;cookie&#8221; si intende un piccolo file di testo che il Sito pu\u00f2 autonomamente inviare al computer dell&#8217;utente quando egli visualizza le nostre pagine. I &#8220;cookies&#8221; servono a rendere pi\u00f9 comoda la navigazione, oltre che a permettere il funzionamento di alcuni servizi che richiedono l&#8217;identificazione del percorso dell&#8217;utente attraverso diverse pagine del Sito. Per qualsiasi accesso, indipendente dalla presenza di un &#8220;cookie&#8221;, il Sito registra il tipo di browser (ad esempio, <em>Edge<\/em>, <em>Chrome<\/em> e <em>Firefox<\/em>), il sistema operativo (ad esempio <em>Windows<\/em> e <em>Macintosh<\/em>) e l&#8217;<em>host<\/em> e l&#8217;<em>URL<\/em> di provenienza dell&#8217;utente navigatore, oltre ai dati della pagina richiesta. Questi dati possono essere utilizzati in forma aggregata ed anonima per analisi statistiche sull&#8217;utilizzo del Sito. Sul punto invitiamo a leggere la specifica <a href=\"https:\/\/www.axitea.com\/it\/cookie-policy\/\">Cookie Policy<\/a>.<\/p>\n<p>I dati personali raccolti e trattati dalla Societ\u00e0 sono forniti direttamente dall&#8217;utente, fatta eccezione per i dati di navigazione di cui alla sezione &#8220;<em>Cookies<\/em>&#8221; del precedente punto 2 (d) regolati dalla <a href=\"https:\/\/www.axitea.com\/it\/cookie-policy\/\">Cookie Policy<\/a>.<\/p>\nLa base giuridica del trattamento dei dati personali dell&#8217;utente risiede:<br \/>\n(i) per le finalit\u00e0 di cui al precedente punto 2 (a), nel legittimo interesse della Societ\u00e0 a dare riscontro alle richieste formulate dall&#8217;utente;<br \/>\n(ii) per le finalit\u00e0 di cui al precedente punto 2 (b) e (c), nello specifico consenso fornito dall&#8217;utente.\n<p>Per le finalit\u00e0 di cui al punto 2 (d), si rinvia all&#8217;apposita <a href=\"https:\/\/www.axitea.com\/it\/cookie-policy\/\">Cookie Policy<\/a>).<\/p>\n<p><strong>3) Categorie di destinatari dei dati personali<\/strong><\/p>\n<p>La Societ\u00e0 comunica i dati personali degli utenti del Sito unicamente entro i limiti consentiti dalla legge e conformemente a quanto qui di seguito illustrato. In particolare, i dati personali dell&#8217;utente potranno essere trattati o conosciuti da:<\/p>\n<p>(i) dipendenti della Societ\u00e0, i quali operano in qualit\u00e0 di soggetti autorizzati al trattamento e in tal senso dalla stessa istruiti;<\/p>\n<p>(ii) aziende che svolgono per la Societ\u00e0 specifici servizi tecnici ed organizzativi connessi al Sito, in qualit\u00e0 di Responsabili del Trattamento ai sensi dell&#8217;art. 28 del Regolamento;<\/p>\n<p>(iii) forze di polizia o dall&#8217;autorit\u00e0 giudiziaria, in conformit\u00e0 alla legge e previa richiesta formale da parte delle stesse, oppure nel caso in cui vi siano fondate ragioni per ritenere che la comunicazione di tali dati sia ragionevolmente necessaria per: (a) investigare, prevenire o assumere iniziative relative a sospette attivit\u00e0 illecite o assistere le autorit\u00e0 statali di controllo e di vigilanza; (b) difendersi contro qualsiasi reclamo o accusa da parte di terzi, o proteggere la sicurezza del proprio sito web e dell&#8217;azienda; ovvero (c) esercitare o proteggere i diritti, la propriet\u00e0 o la sicurezza della Societ\u00e0, dei suoi clienti, dei suoi dipendenti o di qualsiasi altro soggetto.<\/p>\n<p>I dati personali non saranno diffusi e non verranno trasferiti al di fuori dell&#8217;Unione Europea. In ogni caso, un eventuale trasferimento dei medesimi in paesi extra UE avverr\u00e0 unicamente garantendo livelli di tutela e salvaguardia adeguati secondo le norme di legge.<\/p>\n<p><strong>4) Modalit\u00e0 di trattamento dei dati personali e periodo di conservazione<\/strong><\/p>\n<p>I dati personali raccolti tramite il Sito vengono trattati con modalit\u00e0 e strumenti prevalentemente informatici e telematici, adottando le misure di sicurezza in modo da ridurre al minimo i rischi di distruzione o di perdita, anche accidentale, dei dati stessi, di accesso non autorizzato o di trattamento non consentito o non conforme alle finalit\u00e0 di raccolta indicate nella presente Privacy Policy. Tuttavia, tali misure, per la natura del mezzo di trasmissione online, non possono limitare o escludere in assoluto qualsiasi rischio di accesso non consentito o di dispersione dei dati. A tal fine si consiglia di verificare periodicamente che il computer sia dotato di dispositivi software adeguati alla protezione della trasmissione in rete di dati, sia in entrata che in uscita (come sistemi antivirus aggiornati) e che il fornitore di servizi Internet abbia adottato misure idonee per la sicurezza della trasmissione di dati in rete (come, ad esempio, firewall e filtri antispamming).<\/p>\n<p>I dati personali forniti dall&#8217;utente nel corso della navigazione e ad essa inerenti saranno conservati per un periodo non superiore a 12 mesi. I dati personali trattati per rendere un servizio saranno conservati per il tempo strettamente necessario per fornire all&#8217;utente il servizio richiesto ovvero fintantoch\u00e9 lo stesso sar\u00e0 attivo. I dati raccolti per finalit\u00e0 di marketing e profilazione saranno conservati rispettivamente per 24 mesi dal conferimento del relativo consenso e per 12 mesi dalla raccolta. Al termine dei periodi suindicati i dati verranno definitivamente cancellati o comunque anonimizzati in via irreversibile<\/p>\n<p><strong>5) Natura obbligatoria o facoltativa del conferimento dei dati<\/strong><\/p>\n<p>Fatta eccezione per i dati di navigazione regolati dalla <a href=\"https:\/\/www.axitea.com\/it\/cookie-policy\/\">Cookie Policy<\/a>, il conferimento di dati personali raccolti attraverso il Sito \u00e8 facoltativo ed opzionale. Il mancato conferimento non limita l&#8217;utilizzo del Sito, potendo tuttavia rendere impossibile per la Societ\u00e0 far fronte alle richieste formulate oppure inviare materiale informativo, newsletter, aggiornamenti ed inviti ad eventi dalla stessa organizzati o procedere con l&#8217;assunzione dell&#8217;utente.<\/p>\n<p><strong>6) Diritti riconosciuti all&#8217;utente<\/strong><\/p>\nL&#8217;utente ha il diritto di:<br \/>\n&#8211; accedere ai dati personali che lo riguardano ed ottenere la conferma dell&#8217;esistenza o meno degli stessi, la loro comunicazione in forma intelligibile e la loro integrazione;<br \/>\n&#8211; richiedere l&#8217;aggiornamento, la rettifica ovvero, quando vi abbia interesse, l&#8217;integrazione dei dati personali;<br \/>\n&#8211; richiedere la limitazione dei trattamenti che lo riguardano, la cancellazione, la trasformazione in forma anonima o il blocco dei dati personali trattati in violazione di legge, compresi quelli di cui non \u00e8 necessaria la conservazione in relazione agli scopi per i quali i dati sono stati raccolti o successivamente trattati;<br \/>\n&#8211; opporsi, in tutto o in parte, per motivi legittimi al trattamento dei propri dati personali ancorch\u00e9 pertinenti allo scopo della raccolta;<br \/>\n&#8211; ottenere la trasmissione dei propri dati ad un altro titolare del trattamento (cd. diritto alla portabilit\u00e0 dei dati).\n<p>L&#8217;utente, se il trattamento \u00e8 basato sul consenso, ai sensi dell&#8217;art. 7, comma 3, del Regolamento, pu\u00f2 revocare il consenso dato in qualsiasi momento, senza pregiudizio per la liceit\u00e0 del trattamento effettuato prima della revoca (vedasi punto 2.).<\/p>\n<p>I sopra elencati diritti potranno essere esercitati contattando il DPO all&#8217;indirizzo dpo@axitea.com.<\/p>\n<p><strong>7) Diritto di proporre reclamo<\/strong><\/p>\n<p>L&#8217;utente ha il diritto di proporre, ai sensi dell&#8217;art. 77 del Regolamento, reclamo all&#8217;Autorit\u00e0 di controllo nazionale (per l&#8217;Italia il Garante per la protezione dei dati personali: www.garanteprivacy.it).<\/p>\n<p><strong>8) Clausola finale<\/strong><\/p>\n<p>Considerato lo stato attuale di evoluzione della normativa in materia di protezione dei dati personali, si comunica che la presente Privacy Policy potr\u00e0 essere soggetta ad aggiornamenti.<\/p>\n\n","protected":false},"excerpt":{"rendered":"<p>Privacy policy La presente Privacy Policy ha lo scopo di descrivere le modalit\u00e0 di gestione del sito www.axitea.com (il &#8220;Sito&#8220;) in riferimento al trattamento dei dati personali degli utenti che lo consultano. Si invitano gli utenti a leggere attentamente la presente Privacy Policy prima di inoltrare qualsiasi tipo di informazione personale e\/o compilare qualunque modulo &hellip;<\/p>\n<p class=\"read-more\"> <a class=\"\" href=\"https:\/\/www.axitea.com\/it\/privacy-policy\/\"> <span class=\"screen-reader-text\">Privacy Policy<\/span> Leggi tutto \u00bb<\/a><\/p>\n","protected":false},"author":3,"featured_media":0,"parent":0,"menu_order":0,"comment_status":"closed","ping_status":"closed","template":"","meta":{"_acf_changed":false,"inline_featured_image":false,"site-sidebar-layout":"no-sidebar","site-content-layout":"page-builder","ast-site-content-layout":"","site-content-style":"default","site-sidebar-style":"default","ast-global-header-display":"","ast-banner-title-visibility":"","ast-main-header-display":"","ast-hfb-above-header-display":"","ast-hfb-below-header-display":"","ast-hfb-mobile-header-display":"","site-post-title":"disabled","ast-breadcrumbs-content":"","ast-featured-img":"disabled","footer-sml-layout":"","theme-transparent-header-meta":"default","adv-header-id-meta":"","stick-header-meta":"default","header-above-stick-meta":"","header-main-stick-meta":"","header-below-stick-meta":"","astra-migrate-meta-layouts":"","ast-page-background-enabled":"default","ast-page-background-meta":{"desktop":{"background-color":"","background-image":"","background-repeat":"repeat","background-position":"center center","background-size":"auto","background-attachment":"scroll","background-type":"","background-media":"","overlay-type":"","overlay-color":"","overlay-gradient":""},"tablet":{"background-color":"","background-image":"","background-repeat":"repeat","background-position":"center center","background-size":"auto","background-attachment":"scroll","background-type":"","background-media":"","overlay-type":"","overlay-color":"","overlay-gradient":""},"mobile":{"background-color":"","background-image":"","background-repeat":"repeat","background-position":"center center","background-size":"auto","background-attachment":"scroll","background-type":"","background-media":"","overlay-type":"","overlay-color":"","overlay-gradient":""}},"ast-content-background-meta":{"desktop":{"background-color":"var(--ast-global-color-5)","background-image":"","background-repeat":"repeat","background-position":"center center","background-size":"auto","background-attachment":"scroll","background-type":"","background-media":"","overlay-type":"","overlay-color":"","overlay-gradient":""},"tablet":{"background-color":"var(--ast-global-color-5)","background-image":"","background-repeat":"repeat","background-position":"center center","background-size":"auto","background-attachment":"scroll","background-type":"","background-media":"","overlay-type":"","overlay-color":"","overlay-gradient":""},"mobile":{"background-color":"var(--ast-global-color-5)","background-image":"","background-repeat":"repeat","background-position":"center center","background-size":"auto","background-attachment":"scroll","background-type":"","background-media":"","overlay-type":"","overlay-color":"","overlay-gradient":""}},"footnotes":""},"folder":[],"class_list":["post-3","page","type-page","status-publish","hentry"],"acf":[],"yoast_head":"<!-- This site is optimized with the Yoast SEO plugin v27.5 - https:\/\/yoast.com\/product\/yoast-seo-wordpress\/ -->\n<title>Privacy Policy | Axitea<\/title>\n<meta name=\"robots\" content=\"index, follow, max-snippet:-1, max-image-preview:large, max-video-preview:-1\" \/>\n<link rel=\"canonical\" href=\"https:\/\/www.axitea.com\/it\/privacy-policy\/\" \/>\n<meta property=\"og:locale\" content=\"it_IT\" \/>\n<meta property=\"og:type\" content=\"article\" \/>\n<meta property=\"og:title\" content=\"Privacy Policy | Axitea\" \/>\n<meta property=\"og:description\" content=\"Privacy policy La presente Privacy Policy ha lo scopo di descrivere le modalit\u00e0 di gestione del sito www.axitea.com (il &#8220;Sito&#8220;) in riferimento al trattamento dei dati personali degli utenti che lo consultano. Si invitano gli utenti a leggere attentamente la presente Privacy Policy prima di inoltrare qualsiasi tipo di informazione personale e\/o compilare qualunque modulo &hellip; Privacy Policy Leggi tutto \u00bb\" \/>\n<meta property=\"og:url\" content=\"https:\/\/www.axitea.com\/it\/privacy-policy\/\" \/>\n<meta property=\"og:site_name\" content=\"AXITEA\" \/>\n<meta property=\"article:modified_time\" content=\"2024-10-08T14:13:09+00:00\" \/>\n<meta name=\"twitter:card\" content=\"summary_large_image\" \/>\n<meta name=\"twitter:label1\" content=\"Tempo di lettura stimato\" \/>\n\t<meta name=\"twitter:data1\" content=\"7 minuti\" \/>\n<script type=\"application\/ld+json\" class=\"yoast-schema-graph\">{\"@context\":\"https:\\\/\\\/schema.org\",\"@graph\":[{\"@type\":\"WebPage\",\"@id\":\"https:\\\/\\\/www.axitea.com\\\/it\\\/privacy-policy\\\/\",\"url\":\"https:\\\/\\\/www.axitea.com\\\/it\\\/privacy-policy\\\/\",\"name\":\"Privacy Policy | Axitea\",\"isPartOf\":{\"@id\":\"https:\\\/\\\/www.axitea.com\\\/it\\\/#website\"},\"datePublished\":\"2020-08-14T12:07:03+00:00\",\"dateModified\":\"2024-10-08T14:13:09+00:00\",\"breadcrumb\":{\"@id\":\"https:\\\/\\\/www.axitea.com\\\/it\\\/privacy-policy\\\/#breadcrumb\"},\"inLanguage\":\"it-IT\",\"potentialAction\":[{\"@type\":\"ReadAction\",\"target\":[\"https:\\\/\\\/www.axitea.com\\\/it\\\/privacy-policy\\\/\"]}]},{\"@type\":\"BreadcrumbList\",\"@id\":\"https:\\\/\\\/www.axitea.com\\\/it\\\/privacy-policy\\\/#breadcrumb\",\"itemListElement\":[{\"@type\":\"ListItem\",\"position\":1,\"name\":\"Axitea\",\"item\":\"https:\\\/\\\/www.axitea.com\\\/it\\\/\"},{\"@type\":\"ListItem\",\"position\":2,\"name\":\"Privacy Policy\"}]},{\"@type\":\"WebSite\",\"@id\":\"https:\\\/\\\/www.axitea.com\\\/it\\\/#website\",\"url\":\"https:\\\/\\\/www.axitea.com\\\/it\\\/\",\"name\":\"AXITEA\",\"description\":\"Security Evolution\",\"publisher\":{\"@id\":\"https:\\\/\\\/www.axitea.com\\\/it\\\/#organization\"},\"potentialAction\":[{\"@type\":\"SearchAction\",\"target\":{\"@type\":\"EntryPoint\",\"urlTemplate\":\"https:\\\/\\\/www.axitea.com\\\/it\\\/?s={search_term_string}\"},\"query-input\":{\"@type\":\"PropertyValueSpecification\",\"valueRequired\":true,\"valueName\":\"search_term_string\"}}],\"inLanguage\":\"it-IT\"},{\"@type\":\"Organization\",\"@id\":\"https:\\\/\\\/www.axitea.com\\\/it\\\/#organization\",\"name\":\"Axitea\",\"url\":\"https:\\\/\\\/www.axitea.com\\\/it\\\/\",\"logo\":{\"@type\":\"ImageObject\",\"inLanguage\":\"it-IT\",\"@id\":\"https:\\\/\\\/www.axitea.com\\\/it\\\/#\\\/schema\\\/logo\\\/image\\\/\",\"url\":\"https:\\\/\\\/www.axitea.com\\\/wp-content\\\/uploads\\\/2020\\\/08\\\/logo-axitea-colore.svg\",\"contentUrl\":\"https:\\\/\\\/www.axitea.com\\\/wp-content\\\/uploads\\\/2020\\\/08\\\/logo-axitea-colore.svg\",\"width\":515,\"height\":217,\"caption\":\"Axitea\"},\"image\":{\"@id\":\"https:\\\/\\\/www.axitea.com\\\/it\\\/#\\\/schema\\\/logo\\\/image\\\/\"}}]}<\/script>\n<!-- \/ Yoast SEO plugin. -->","yoast_head_json":{"title":"Privacy Policy | Axitea","robots":{"index":"index","follow":"follow","max-snippet":"max-snippet:-1","max-image-preview":"max-image-preview:large","max-video-preview":"max-video-preview:-1"},"canonical":"https:\/\/www.axitea.com\/it\/privacy-policy\/","og_locale":"it_IT","og_type":"article","og_title":"Privacy Policy | Axitea","og_description":"Privacy policy La presente Privacy Policy ha lo scopo di descrivere le modalit\u00e0 di gestione del sito www.axitea.com (il &#8220;Sito&#8220;) in riferimento al trattamento dei dati personali degli utenti che lo consultano. Si invitano gli utenti a leggere attentamente la presente Privacy Policy prima di inoltrare qualsiasi tipo di informazione personale e\/o compilare qualunque modulo &hellip; Privacy Policy Leggi tutto \u00bb","og_url":"https:\/\/www.axitea.com\/it\/privacy-policy\/","og_site_name":"AXITEA","article_modified_time":"2024-10-08T14:13:09+00:00","twitter_card":"summary_large_image","twitter_misc":{"Tempo di lettura stimato":"7 minuti"},"schema":{"@context":"https:\/\/schema.org","@graph":[{"@type":"WebPage","@id":"https:\/\/www.axitea.com\/it\/privacy-policy\/","url":"https:\/\/www.axitea.com\/it\/privacy-policy\/","name":"Privacy Policy | Axitea","isPartOf":{"@id":"https:\/\/www.axitea.com\/it\/#website"},"datePublished":"2020-08-14T12:07:03+00:00","dateModified":"2024-10-08T14:13:09+00:00","breadcrumb":{"@id":"https:\/\/www.axitea.com\/it\/privacy-policy\/#breadcrumb"},"inLanguage":"it-IT","potentialAction":[{"@type":"ReadAction","target":["https:\/\/www.axitea.com\/it\/privacy-policy\/"]}]},{"@type":"BreadcrumbList","@id":"https:\/\/www.axitea.com\/it\/privacy-policy\/#breadcrumb","itemListElement":[{"@type":"ListItem","position":1,"name":"Axitea","item":"https:\/\/www.axitea.com\/it\/"},{"@type":"ListItem","position":2,"name":"Privacy Policy"}]},{"@type":"WebSite","@id":"https:\/\/www.axitea.com\/it\/#website","url":"https:\/\/www.axitea.com\/it\/","name":"AXITEA","description":"Security Evolution","publisher":{"@id":"https:\/\/www.axitea.com\/it\/#organization"},"potentialAction":[{"@type":"SearchAction","target":{"@type":"EntryPoint","urlTemplate":"https:\/\/www.axitea.com\/it\/?s={search_term_string}"},"query-input":{"@type":"PropertyValueSpecification","valueRequired":true,"valueName":"search_term_string"}}],"inLanguage":"it-IT"},{"@type":"Organization","@id":"https:\/\/www.axitea.com\/it\/#organization","name":"Axitea","url":"https:\/\/www.axitea.com\/it\/","logo":{"@type":"ImageObject","inLanguage":"it-IT","@id":"https:\/\/www.axitea.com\/it\/#\/schema\/logo\/image\/","url":"https:\/\/www.axitea.com\/wp-content\/uploads\/2020\/08\/logo-axitea-colore.svg","contentUrl":"https:\/\/www.axitea.com\/wp-content\/uploads\/2020\/08\/logo-axitea-colore.svg","width":515,"height":217,"caption":"Axitea"},"image":{"@id":"https:\/\/www.axitea.com\/it\/#\/schema\/logo\/image\/"}}]}},"_links":{"self":[{"href":"https:\/\/www.axitea.com\/it\/wp-json\/wp\/v2\/pages\/3","targetHints":{"allow":["GET"]}}],"collection":[{"href":"https:\/\/www.axitea.com\/it\/wp-json\/wp\/v2\/pages"}],"about":[{"href":"https:\/\/www.axitea.com\/it\/wp-json\/wp\/v2\/types\/page"}],"author":[{"embeddable":true,"href":"https:\/\/www.axitea.com\/it\/wp-json\/wp\/v2\/users\/3"}],"replies":[{"embeddable":true,"href":"https:\/\/www.axitea.com\/it\/wp-json\/wp\/v2\/comments?post=3"}],"version-history":[{"count":0,"href":"https:\/\/www.axitea.com\/it\/wp-json\/wp\/v2\/pages\/3\/revisions"}],"wp:attachment":[{"href":"https:\/\/www.axitea.com\/it\/wp-json\/wp\/v2\/media?parent=3"}],"wp:term":[{"taxonomy":"folder","embeddable":true,"href":"https:\/\/www.axitea.com\/it\/wp-json\/wp\/v2\/folder?post=3"}],"curies":[{"name":"wp","href":"https:\/\/api.w.org\/{rel}","templated":true}]}}