{"id":2704,"date":"2020-10-14T15:22:09","date_gmt":"2020-10-14T13:22:09","guid":{"rendered":"https:\/\/axitea.borasolab.it\/?page_id=2704"},"modified":"2026-01-08T16:18:58","modified_gmt":"2026-01-08T15:18:58","slug":"regolamento-porta-un-amico-in-axitea","status":"publish","type":"page","link":"https:\/\/www.axitea.com\/it\/presenta-un-amico\/regolamento-porta-un-amico-in-axitea\/","title":{"rendered":"Regolamento &#8220;Porta un amico in Axitea&#8221;"},"content":{"rendered":"\n\n<h1>\n\t\t\tRegolamento porta una Amico in Axitea\t<\/h1>\n<h2>\n\t\t\tRegolamento\t<\/h2>\n\t<p>1. Durata: dal 01\/01\/2026 al 30\/06\/2026<\/p>\n2. Destinatari:<br \/>\n2.1. I &#8220;Presentanti&#8221; destinatari della campagna sono clienti Axitea con abbonamenti attivi relativi a servizi di pattugliamento, monitoraggio e intervento su allarme, videosorveglianza e videoallarme,\u00a0AI Video Security, bio sicurezza, satellitari, manutenzione e assistenza tecnica, sicurezza informatica, formazione, security consulting.\n<p>2.2. I &#8220;Presentati&#8221; destinatari della campagna sono i nuovi clienti che sottoscrivono un abbonamento con Axitea relativo a servizi di monitoraggio e intervento su allarme, AI Video Security, bio sicurezza, satellitari, manutenzione e assistenza tecnica, sicurezza informatica, formazione, security consulting.<\/p>\n<p>3. Modalit\u00e0 di svolgimento:<\/p>\n<p>3.1. Il &#8220;Presentante&#8221; ha diritto a uno sconto di 100,00\u20ac (iva esclusa) per ogni &#8220;amico&#8221; presentato ad Axitea che diventer\u00e0 cliente. Lo sconto viene riconosciuto nella prima fattura successiva alla data di attivazione del contratto del &#8220;Presentato&#8221;.<\/p>\n<p>3.2. L&#8217;abbonamento sottoscritto dal &#8220;Presentato&#8221; deve avere una durata di almeno 2 (due) anni con tacito rinnovo. Anche nel caso in cui il &#8220;Presentato&#8221; sottoscriva pi\u00f9 di un contratto, il &#8220;Presentante&#8221; ha diritto sempre e soltanto a 100,00\u20ac di sconto.<\/p>\n<p>3.3. Il &#8220;Presentato&#8221; che sottoscrive un contratto con Axitea ha diritto a uno sconto pari a 1 (una) mensilit\u00e0 del canone del contratto (nel caso di pi\u00f9 contratti attivi sar\u00e0 scelto quello con canone maggiore tra quelli gi\u00e0 sottoscritti) e l&#8217;esenzione dal pagamento del Contributo di Attivazione o, se la somma di quest&#8217;ultimo \u00e8 superiore a 100\u20ac, uno sconto sul Contributo di Attivazione pari a 100\u20ac.<\/p>\n<p>4. Limitazioni:<\/p>\n<p>4.1. Il &#8220;Presentante&#8221; deve essere un soggetto diverso dal &#8220;Presentato&#8221; e\/o dal referente firmatario del contratto, non pu\u00f2 essere in nessun caso la medesima persona (a titolo puramente esemplificativo ma non esaustivo, non pu\u00f2 essere un cliente privato che presenta l&#8217;azienda di cui \u00e8 titolare\/referente firmatario).<\/p>\n<p>4.2. Per il &#8220;Presentante&#8221; non \u00e8 previsto un limite massimo al numero di &#8220;Presentati&#8221; chiusi con buon esito. Conseguentemente, non \u00e8 previsto un limite massimo al valore degli importi da scontare maturati.<\/p>\n<p>4.3. In caso di cessazione anticipata del contratto del &#8220;Presentante&#8221; esercitata da Axitea S.p.A. (secondo quanto previsto dalle Condizioni Generali di Contratto), il &#8220;Presentante&#8221; perde il diritto allo sconto maturato.<\/p>\n<p>4.4. Gli sconti accumulati dal &#8220;Presentato&#8221; o dal &#8220;Presentante&#8221; derivanti dalla campagna, verranno inseriti interamente in un&#8217;unica fattura. Nel caso in cui lo sconto previsto dovesse risultare superiore all&#8217;importo della fattura verranno accorpate pi\u00f9 fatture, indipendentemente dalla cadenza di fatturazione indicata sulla proposta d&#8217;ordine.<\/p>\n<p>5. Accettazione del Regolamento: L&#8217;adesione alla presente campagna vendita comporta l&#8217;accettazione integrale e incondizionata di tutte le clausole del presente regolamento.<\/p>\n<p>6. Regolamento Europeo in materia di protezione dei dati personali n\u00b0 679\/2016 (in seguito &#8220;GDPR&#8221;) &#8211; Informativa e consenso al trattamento e comunicazione dei dati personali.<\/p>\n<p>6.1.\u00a0Ai sensi dell&#8217;art. 13 del Codice in materia di protezione dei dati personali e art.13 del Regolamento europeo 679\/2016 (&#8220;GDPR&#8221;), Axitea S.p.A. ti informa che, aderendo alla presente campagna, i dati personali raccolti (sia del &#8220;Presentante&#8221; che del &#8220;Presentato&#8221;) saranno oggetto di trattamento nel rispetto delle garanzie di riservatezza e delle misure di sicurezza previste dalla normativa vigente attraverso strumenti manuali, informatici e telematici, esclusivamente per le finalit\u00e0 strettamente collegate alla campagna stessa, quali a titolo esemplificativo: per la gestione amministrativa della campagna e per il ricevimento dello sconto relativo. Il cliente &#8220;Presentante&#8221; assume la qualifica di Titolare del trattamento dei dati personali del cliente &#8220;Presentato&#8221;, pertanto, dovr\u00e0 informare tale cliente nei casi e nei modi previsti dall&#8217;art. 13 GDPR nonch\u00e9 raccogliere eventuali consensi al trattamento dei suoi dati anche da parte di Axitea S.p.A., per le finalit\u00e0 strettamente collegate alla campagna.<\/p>\n<p>6.2. I dati personali raccolti nel corso dello svolgimento della campagna potranno essere comunicati a societ\u00e0 terze che svolgono per conto di Axitea S.p.A. compiti di natura tecnica e organizzativa e che tratteranno i dati personali raccolti, come distinti Titolari del trattamento o in qualit\u00e0 di Responsabili o Incaricati all&#8217;uopo nominati da Axitea S.p.A., esclusivamente per le finalit\u00e0 sopra indicate. I dati personali raccolti potranno, inoltre, essere conosciuti dai dipendenti\/consulenti di Axitea S.p.A. i quali sono stati appositamente nominati Responsabili o Incaricati del trattamento. Il Titolare del trattamento in relazione alle attivit\u00e0 della presente campagna ed in seguito alla comunicazione dei dati del &#8220;Presentato&#8221; da parte del cliente &#8220;Presentante&#8221;, \u00e8 Axitea S.p.A. societ\u00e0 a socio unico StarVision S.A., con sede legale in Via Gallarate 156, 20151 Milano. Ti ricordiamo, infine, che in ogni momento hai il diritto di conoscere quali sono i tuoi dati e come essi vengono utilizzati, nonch\u00e9 di farli aggiornare, integrare, rettificare o di chiederne la cancellazione, il blocco ed opporti al loro trattamento se effettuato in violazione di legge, ai sensi dell&#8217;art. 7 del d.lgs. 196\/2003 e degli artt.15-22 del GDPR scrivendo a: Axitea S.p.A., Via Gallarate 156, 20151 Milano (MI).<\/p>\n\n","protected":false},"excerpt":{"rendered":"<p>Regolamento porta una Amico in Axitea Regolamento 1. Durata: dal 01\/01\/2026 al 30\/06\/2026 2. Destinatari: 2.1. I &#8220;Presentanti&#8221; destinatari della campagna sono clienti Axitea con abbonamenti attivi relativi a servizi di pattugliamento, monitoraggio e intervento su allarme, videosorveglianza e videoallarme,\u00a0AI Video Security, bio sicurezza, satellitari, manutenzione e assistenza tecnica, sicurezza informatica, formazione, security consulting. 2.2. &hellip;<\/p>\n<p class=\"read-more\"> <a class=\"\" href=\"https:\/\/www.axitea.com\/it\/presenta-un-amico\/regolamento-porta-un-amico-in-axitea\/\"> <span class=\"screen-reader-text\">Regolamento &#8220;Porta un amico in Axitea&#8221;<\/span> Leggi tutto \u00bb<\/a><\/p>\n","protected":false},"author":3,"featured_media":0,"parent":2698,"menu_order":0,"comment_status":"closed","ping_status":"closed","template":"","meta":{"_acf_changed":false,"inline_featured_image":false,"site-sidebar-layout":"no-sidebar","site-content-layout":"page-builder","ast-site-content-layout":"","site-content-style":"default","site-sidebar-style":"default","ast-global-header-display":"","ast-banner-title-visibility":"","ast-main-header-display":"","ast-hfb-above-header-display":"","ast-hfb-below-header-display":"","ast-hfb-mobile-header-display":"","site-post-title":"disabled","ast-breadcrumbs-content":"","ast-featured-img":"disabled","footer-sml-layout":"","theme-transparent-header-meta":"default","adv-header-id-meta":"","stick-header-meta":"default","header-above-stick-meta":"","header-main-stick-meta":"","header-below-stick-meta":"","astra-migrate-meta-layouts":"","ast-page-background-enabled":"default","ast-page-background-meta":{"desktop":{"background-color":"","background-image":"","background-repeat":"repeat","background-position":"center center","background-size":"auto","background-attachment":"scroll","background-type":"","background-media":"","overlay-type":"","overlay-color":"","overlay-gradient":""},"tablet":{"background-color":"","background-image":"","background-repeat":"repeat","background-position":"center center","background-size":"auto","background-attachment":"scroll","background-type":"","background-media":"","overlay-type":"","overlay-color":"","overlay-gradient":""},"mobile":{"background-color":"","background-image":"","background-repeat":"repeat","background-position":"center center","background-size":"auto","background-attachment":"scroll","background-type":"","background-media":"","overlay-type":"","overlay-color":"","overlay-gradient":""}},"ast-content-background-meta":{"desktop":{"background-color":"var(--ast-global-color-5)","background-image":"","background-repeat":"repeat","background-position":"center center","background-size":"auto","background-attachment":"scroll","background-type":"","background-media":"","overlay-type":"","overlay-color":"","overlay-gradient":""},"tablet":{"background-color":"var(--ast-global-color-5)","background-image":"","background-repeat":"repeat","background-position":"center center","background-size":"auto","background-attachment":"scroll","background-type":"","background-media":"","overlay-type":"","overlay-color":"","overlay-gradient":""},"mobile":{"background-color":"var(--ast-global-color-5)","background-image":"","background-repeat":"repeat","background-position":"center center","background-size":"auto","background-attachment":"scroll","background-type":"","background-media":"","overlay-type":"","overlay-color":"","overlay-gradient":""}},"footnotes":""},"folder":[],"class_list":["post-2704","page","type-page","status-publish","hentry"],"acf":[],"yoast_head":"<!-- This site is optimized with the Yoast SEO plugin v27.5 - https:\/\/yoast.com\/product\/yoast-seo-wordpress\/ -->\n<title>Regolamento: Porta un Amico | Axitea<\/title>\n<meta name=\"description\" content=\"Regolamento: Porta un amico in Axitea. Entra sul sito.\" \/>\n<meta name=\"robots\" content=\"index, follow, max-snippet:-1, max-image-preview:large, max-video-preview:-1\" \/>\n<link rel=\"canonical\" href=\"https:\/\/www.axitea.com\/it\/presenta-un-amico\/regolamento-porta-un-amico-in-axitea\/\" \/>\n<meta property=\"og:locale\" content=\"it_IT\" \/>\n<meta property=\"og:type\" content=\"article\" \/>\n<meta property=\"og:title\" content=\"Regolamento: Porta un Amico | Axitea\" \/>\n<meta property=\"og:description\" content=\"Regolamento: Porta un amico in Axitea. Entra sul sito.\" \/>\n<meta property=\"og:url\" content=\"https:\/\/www.axitea.com\/it\/presenta-un-amico\/regolamento-porta-un-amico-in-axitea\/\" \/>\n<meta property=\"og:site_name\" content=\"AXITEA\" \/>\n<meta property=\"article:modified_time\" content=\"2026-01-08T15:18:58+00:00\" \/>\n<meta name=\"twitter:card\" content=\"summary_large_image\" \/>\n<meta name=\"twitter:label1\" content=\"Tempo di lettura stimato\" \/>\n\t<meta name=\"twitter:data1\" content=\"4 minuti\" \/>\n<script type=\"application\/ld+json\" class=\"yoast-schema-graph\">{\"@context\":\"https:\\\/\\\/schema.org\",\"@graph\":[{\"@type\":\"WebPage\",\"@id\":\"https:\\\/\\\/www.axitea.com\\\/it\\\/presenta-un-amico\\\/regolamento-porta-un-amico-in-axitea\\\/\",\"url\":\"https:\\\/\\\/www.axitea.com\\\/it\\\/presenta-un-amico\\\/regolamento-porta-un-amico-in-axitea\\\/\",\"name\":\"Regolamento: Porta un Amico | Axitea\",\"isPartOf\":{\"@id\":\"https:\\\/\\\/www.axitea.com\\\/it\\\/#website\"},\"datePublished\":\"2020-10-14T13:22:09+00:00\",\"dateModified\":\"2026-01-08T15:18:58+00:00\",\"description\":\"Regolamento: Porta un amico in Axitea. Entra sul sito.\",\"breadcrumb\":{\"@id\":\"https:\\\/\\\/www.axitea.com\\\/it\\\/presenta-un-amico\\\/regolamento-porta-un-amico-in-axitea\\\/#breadcrumb\"},\"inLanguage\":\"it-IT\",\"potentialAction\":[{\"@type\":\"ReadAction\",\"target\":[\"https:\\\/\\\/www.axitea.com\\\/it\\\/presenta-un-amico\\\/regolamento-porta-un-amico-in-axitea\\\/\"]}]},{\"@type\":\"BreadcrumbList\",\"@id\":\"https:\\\/\\\/www.axitea.com\\\/it\\\/presenta-un-amico\\\/regolamento-porta-un-amico-in-axitea\\\/#breadcrumb\",\"itemListElement\":[{\"@type\":\"ListItem\",\"position\":1,\"name\":\"Axitea\",\"item\":\"https:\\\/\\\/www.axitea.com\\\/it\\\/\"},{\"@type\":\"ListItem\",\"position\":2,\"name\":\"Presenta un amico\",\"item\":\"https:\\\/\\\/www.axitea.com\\\/it\\\/presenta-un-amico\\\/\"},{\"@type\":\"ListItem\",\"position\":3,\"name\":\"Regolamento &#8220;Porta un amico in Axitea&#8221;\"}]},{\"@type\":\"WebSite\",\"@id\":\"https:\\\/\\\/www.axitea.com\\\/it\\\/#website\",\"url\":\"https:\\\/\\\/www.axitea.com\\\/it\\\/\",\"name\":\"AXITEA\",\"description\":\"Security Evolution\",\"publisher\":{\"@id\":\"https:\\\/\\\/www.axitea.com\\\/it\\\/#organization\"},\"potentialAction\":[{\"@type\":\"SearchAction\",\"target\":{\"@type\":\"EntryPoint\",\"urlTemplate\":\"https:\\\/\\\/www.axitea.com\\\/it\\\/?s={search_term_string}\"},\"query-input\":{\"@type\":\"PropertyValueSpecification\",\"valueRequired\":true,\"valueName\":\"search_term_string\"}}],\"inLanguage\":\"it-IT\"},{\"@type\":\"Organization\",\"@id\":\"https:\\\/\\\/www.axitea.com\\\/it\\\/#organization\",\"name\":\"Axitea\",\"url\":\"https:\\\/\\\/www.axitea.com\\\/it\\\/\",\"logo\":{\"@type\":\"ImageObject\",\"inLanguage\":\"it-IT\",\"@id\":\"https:\\\/\\\/www.axitea.com\\\/it\\\/#\\\/schema\\\/logo\\\/image\\\/\",\"url\":\"https:\\\/\\\/www.axitea.com\\\/wp-content\\\/uploads\\\/2020\\\/08\\\/logo-axitea-colore.svg\",\"contentUrl\":\"https:\\\/\\\/www.axitea.com\\\/wp-content\\\/uploads\\\/2020\\\/08\\\/logo-axitea-colore.svg\",\"width\":515,\"height\":217,\"caption\":\"Axitea\"},\"image\":{\"@id\":\"https:\\\/\\\/www.axitea.com\\\/it\\\/#\\\/schema\\\/logo\\\/image\\\/\"}}]}<\/script>\n<!-- \/ Yoast SEO plugin. -->","yoast_head_json":{"title":"Regolamento: Porta un Amico | Axitea","description":"Regolamento: Porta un amico in Axitea. Entra sul sito.","robots":{"index":"index","follow":"follow","max-snippet":"max-snippet:-1","max-image-preview":"max-image-preview:large","max-video-preview":"max-video-preview:-1"},"canonical":"https:\/\/www.axitea.com\/it\/presenta-un-amico\/regolamento-porta-un-amico-in-axitea\/","og_locale":"it_IT","og_type":"article","og_title":"Regolamento: Porta un Amico | Axitea","og_description":"Regolamento: Porta un amico in Axitea. Entra sul sito.","og_url":"https:\/\/www.axitea.com\/it\/presenta-un-amico\/regolamento-porta-un-amico-in-axitea\/","og_site_name":"AXITEA","article_modified_time":"2026-01-08T15:18:58+00:00","twitter_card":"summary_large_image","twitter_misc":{"Tempo di lettura stimato":"4 minuti"},"schema":{"@context":"https:\/\/schema.org","@graph":[{"@type":"WebPage","@id":"https:\/\/www.axitea.com\/it\/presenta-un-amico\/regolamento-porta-un-amico-in-axitea\/","url":"https:\/\/www.axitea.com\/it\/presenta-un-amico\/regolamento-porta-un-amico-in-axitea\/","name":"Regolamento: Porta un Amico | Axitea","isPartOf":{"@id":"https:\/\/www.axitea.com\/it\/#website"},"datePublished":"2020-10-14T13:22:09+00:00","dateModified":"2026-01-08T15:18:58+00:00","description":"Regolamento: Porta un amico in Axitea. Entra sul sito.","breadcrumb":{"@id":"https:\/\/www.axitea.com\/it\/presenta-un-amico\/regolamento-porta-un-amico-in-axitea\/#breadcrumb"},"inLanguage":"it-IT","potentialAction":[{"@type":"ReadAction","target":["https:\/\/www.axitea.com\/it\/presenta-un-amico\/regolamento-porta-un-amico-in-axitea\/"]}]},{"@type":"BreadcrumbList","@id":"https:\/\/www.axitea.com\/it\/presenta-un-amico\/regolamento-porta-un-amico-in-axitea\/#breadcrumb","itemListElement":[{"@type":"ListItem","position":1,"name":"Axitea","item":"https:\/\/www.axitea.com\/it\/"},{"@type":"ListItem","position":2,"name":"Presenta un amico","item":"https:\/\/www.axitea.com\/it\/presenta-un-amico\/"},{"@type":"ListItem","position":3,"name":"Regolamento &#8220;Porta un amico in Axitea&#8221;"}]},{"@type":"WebSite","@id":"https:\/\/www.axitea.com\/it\/#website","url":"https:\/\/www.axitea.com\/it\/","name":"AXITEA","description":"Security Evolution","publisher":{"@id":"https:\/\/www.axitea.com\/it\/#organization"},"potentialAction":[{"@type":"SearchAction","target":{"@type":"EntryPoint","urlTemplate":"https:\/\/www.axitea.com\/it\/?s={search_term_string}"},"query-input":{"@type":"PropertyValueSpecification","valueRequired":true,"valueName":"search_term_string"}}],"inLanguage":"it-IT"},{"@type":"Organization","@id":"https:\/\/www.axitea.com\/it\/#organization","name":"Axitea","url":"https:\/\/www.axitea.com\/it\/","logo":{"@type":"ImageObject","inLanguage":"it-IT","@id":"https:\/\/www.axitea.com\/it\/#\/schema\/logo\/image\/","url":"https:\/\/www.axitea.com\/wp-content\/uploads\/2020\/08\/logo-axitea-colore.svg","contentUrl":"https:\/\/www.axitea.com\/wp-content\/uploads\/2020\/08\/logo-axitea-colore.svg","width":515,"height":217,"caption":"Axitea"},"image":{"@id":"https:\/\/www.axitea.com\/it\/#\/schema\/logo\/image\/"}}]}},"_links":{"self":[{"href":"https:\/\/www.axitea.com\/it\/wp-json\/wp\/v2\/pages\/2704","targetHints":{"allow":["GET"]}}],"collection":[{"href":"https:\/\/www.axitea.com\/it\/wp-json\/wp\/v2\/pages"}],"about":[{"href":"https:\/\/www.axitea.com\/it\/wp-json\/wp\/v2\/types\/page"}],"author":[{"embeddable":true,"href":"https:\/\/www.axitea.com\/it\/wp-json\/wp\/v2\/users\/3"}],"replies":[{"embeddable":true,"href":"https:\/\/www.axitea.com\/it\/wp-json\/wp\/v2\/comments?post=2704"}],"version-history":[{"count":0,"href":"https:\/\/www.axitea.com\/it\/wp-json\/wp\/v2\/pages\/2704\/revisions"}],"up":[{"embeddable":true,"href":"https:\/\/www.axitea.com\/it\/wp-json\/wp\/v2\/pages\/2698"}],"wp:attachment":[{"href":"https:\/\/www.axitea.com\/it\/wp-json\/wp\/v2\/media?parent=2704"}],"wp:term":[{"taxonomy":"folder","embeddable":true,"href":"https:\/\/www.axitea.com\/it\/wp-json\/wp\/v2\/folder?post=2704"}],"curies":[{"name":"wp","href":"https:\/\/api.w.org\/{rel}","templated":true}]}}