{"id":2693,"date":"2020-10-14T14:54:46","date_gmt":"2020-10-14T12:54:46","guid":{"rendered":"https:\/\/axitea.borasolab.it\/?page_id=2693"},"modified":"2025-09-23T16:42:18","modified_gmt":"2025-09-23T14:42:18","slug":"azionisti","status":"publish","type":"page","link":"https:\/\/www.axitea.com\/it\/azionisti\/","title":{"rendered":"Azionisti"},"content":{"rendered":"\n\n<h1>\n\t\t\tArgos\t<\/h1>\n<h2>\n\t\t\tArgos &#038; Axitea:\t<\/h2>\n\t<p>Dal 2025 <a href=\"https:\/\/argos.fund\/\">Argos<\/a> \u00e8 il socio unico di Axitea. Argos \u00e8 un gruppo europeo indipendente di Private Equity che sostiene la crescita di PMI e mid-cap e dei loro team di gestione.<\/p>\n<p>Gestisce oltre 2 miliardi di euro di attivit\u00e0, e in oltre 35 anni di esperienza ha sostenuto pi\u00f9 di 100 aziende. Opera dagli uffici di Amsterdam, Bruxelles, Francoforte, Ginevra, Lussemburgo, Milano e Parigi. Il gruppo acquisisce partecipazioni di maggioranza e investe tra 10 e 100 milioni di euro per investimento attraverso le due strategie:<\/p>\n<ul>\n<li>Il fondo Argos Mid-Market supporta le aziende nei passaggi di propriet\u00e0 per accelerare la crescita.<\/li>\n<li>Il Fondo Argos per l&#8217;Azione per il Clima (SFDR 9) mira a formare leader europei sostenibili, facilitando la loro transizione verso l&#8217;economia verde.<\/li>\n<\/ul>\n<p>Argos ha riconosciuto Axitea S.p.A. come azienda posizionata in modo unico nel panorama della sicurezza in rapida evoluzione. Mentre il settore si sposta dai modelli tradizionali ad alta intensit\u00e0 di lavoro verso la tecnologia sofisticata e le soluzioni guidate dall&#8217;intelligenza artificiale, Axitea \u00e8 gi\u00e0 in prima linea in questa trasformazione. Con il sostegno di Argos, Axitea accelerer\u00e0 la propria evoluzione tecnologica, attraverso l&#8217;espansione delle potenzialit\u00e0 di sicurezza che consente la AI e creando un valore eccezionale in questo mercato in forte crescita.<\/p>\n\t\t\t\t<img decoding=\"async\" src=\"https:\/\/www.axitea.com\/wp-content\/uploads\/2020\/08\/Ico-pos-Rilevazione-intrusione-1.png\" alt=\"Ico-pos-Rilevazione intrusione\" itemprop=\"image\" height=\"450\" width=\"450\" title=\"Ico-pos-Rilevazione intrusione\" onerror=\"this.style.display='none'\" loading=\"lazy\" \/>\n\t<p>Vuoi maggiori informazioni su cosa pu\u00f2 fare Axitea per te?<\/p>\n\t<a href=\"#\" id=\"trigger-\" role=\"button\" data-modal=\"\" data-node=\"\">\n\t\t\t\t\t\t\t\t\tContattaci\n\t\t\t\t\t\t\t\t\t\t\t\t<\/a>\n\t\t\t\t\t\tPreview\n\t\t\tmodal-\n\t\t\t\t\t\t\t\t\t\t\t<h4 id=\"modal-title-\">Compila il modulo per richiedere un contatto:<\/h4>\t\t\t\t\t\t\t\t\t\t\t\t\t\t\t\t\n\t\t\t\t\t\t<!--[activecampaign form=3]-->\n<iframe loading=\"lazy\" src=\"https:\/\/go.axitea.com\/l\/1015162\/2023-09-28\/42vt4\" width=\"100%\" height=\"100%\" type=\"text\/html\" frameborder=\"0\" allowTransparency=\"true\"><\/iframe>\n\n","protected":false},"excerpt":{"rendered":"<p>Argos Argos &#038; Axitea: Dal 2025 Argos \u00e8 il socio unico di Axitea. Argos \u00e8 un gruppo europeo indipendente di Private Equity che sostiene la crescita di PMI e mid-cap e dei loro team di gestione. Gestisce oltre 2 miliardi di euro di attivit\u00e0, e in oltre 35 anni di esperienza ha sostenuto pi\u00f9 di &hellip;<\/p>\n<p class=\"read-more\"> <a class=\"\" href=\"https:\/\/www.axitea.com\/it\/azionisti\/\"> <span class=\"screen-reader-text\">Azionisti<\/span> Leggi tutto \u00bb<\/a><\/p>\n","protected":false},"author":3,"featured_media":0,"parent":0,"menu_order":0,"comment_status":"closed","ping_status":"closed","template":"","meta":{"_acf_changed":false,"inline_featured_image":false,"site-sidebar-layout":"no-sidebar","site-content-layout":"page-builder","ast-site-content-layout":"full-width-container","site-content-style":"unboxed","site-sidebar-style":"unboxed","ast-global-header-display":"","ast-banner-title-visibility":"","ast-main-header-display":"","ast-hfb-above-header-display":"","ast-hfb-below-header-display":"","ast-hfb-mobile-header-display":"","site-post-title":"disabled","ast-breadcrumbs-content":"","ast-featured-img":"disabled","footer-sml-layout":"","theme-transparent-header-meta":"default","adv-header-id-meta":"","stick-header-meta":"default","header-above-stick-meta":"","header-main-stick-meta":"","header-below-stick-meta":"","astra-migrate-meta-layouts":"set","ast-page-background-enabled":"default","ast-page-background-meta":{"desktop":{"background-color":"","background-image":"","background-repeat":"repeat","background-position":"center center","background-size":"auto","background-attachment":"scroll","background-type":"","background-media":"","overlay-type":"","overlay-color":"","overlay-gradient":""},"tablet":{"background-color":"","background-image":"","background-repeat":"repeat","background-position":"center center","background-size":"auto","background-attachment":"scroll","background-type":"","background-media":"","overlay-type":"","overlay-color":"","overlay-gradient":""},"mobile":{"background-color":"","background-image":"","background-repeat":"repeat","background-position":"center center","background-size":"auto","background-attachment":"scroll","background-type":"","background-media":"","overlay-type":"","overlay-color":"","overlay-gradient":""}},"ast-content-background-meta":{"desktop":{"background-color":"var(--ast-global-color-5)","background-image":"","background-repeat":"repeat","background-position":"center center","background-size":"auto","background-attachment":"scroll","background-type":"","background-media":"","overlay-type":"","overlay-color":"","overlay-gradient":""},"tablet":{"background-color":"var(--ast-global-color-5)","background-image":"","background-repeat":"repeat","background-position":"center center","background-size":"auto","background-attachment":"scroll","background-type":"","background-media":"","overlay-type":"","overlay-color":"","overlay-gradient":""},"mobile":{"background-color":"var(--ast-global-color-5)","background-image":"","background-repeat":"repeat","background-position":"center center","background-size":"auto","background-attachment":"scroll","background-type":"","background-media":"","overlay-type":"","overlay-color":"","overlay-gradient":""}},"footnotes":""},"folder":[],"class_list":["post-2693","page","type-page","status-publish","hentry"],"acf":[],"yoast_head":"<!-- This site is optimized with the Yoast SEO plugin v27.3 - https:\/\/yoast.com\/product\/yoast-seo-wordpress\/ -->\n<title>Azionisti | Axitea<\/title>\n<meta name=\"description\" content=\"Scopri le informazioni sugli Azionisti di Axitea. Visita la pagina.\" \/>\n<meta name=\"robots\" content=\"index, follow, max-snippet:-1, max-image-preview:large, max-video-preview:-1\" \/>\n<link rel=\"canonical\" href=\"https:\/\/www.axitea.com\/it\/azionisti\/\" \/>\n<meta property=\"og:locale\" content=\"it_IT\" \/>\n<meta property=\"og:type\" content=\"article\" \/>\n<meta property=\"og:title\" content=\"Azionisti | Axitea\" \/>\n<meta property=\"og:description\" content=\"Scopri le informazioni sugli Azionisti di Axitea. Visita la pagina.\" \/>\n<meta property=\"og:url\" content=\"https:\/\/www.axitea.com\/it\/azionisti\/\" \/>\n<meta property=\"og:site_name\" content=\"AXITEA\" \/>\n<meta property=\"article:modified_time\" content=\"2025-09-23T14:42:18+00:00\" \/>\n<meta property=\"og:image\" content=\"https:\/\/www.axitea.com\/wp-content\/uploads\/2020\/08\/Ico-pos-Rilevazione-intrusione-1.png\" \/>\n<meta name=\"twitter:card\" content=\"summary_large_image\" \/>\n<meta name=\"twitter:label1\" content=\"Tempo di lettura stimato\" \/>\n\t<meta name=\"twitter:data1\" content=\"2 minuti\" \/>\n<script type=\"application\/ld+json\" class=\"yoast-schema-graph\">{\"@context\":\"https:\\\/\\\/schema.org\",\"@graph\":[{\"@type\":\"WebPage\",\"@id\":\"https:\\\/\\\/www.axitea.com\\\/it\\\/azionisti\\\/\",\"url\":\"https:\\\/\\\/www.axitea.com\\\/it\\\/azionisti\\\/\",\"name\":\"Azionisti | Axitea\",\"isPartOf\":{\"@id\":\"https:\\\/\\\/www.axitea.com\\\/it\\\/#website\"},\"primaryImageOfPage\":{\"@id\":\"https:\\\/\\\/www.axitea.com\\\/it\\\/azionisti\\\/#primaryimage\"},\"image\":{\"@id\":\"https:\\\/\\\/www.axitea.com\\\/it\\\/azionisti\\\/#primaryimage\"},\"thumbnailUrl\":\"https:\\\/\\\/www.axitea.com\\\/wp-content\\\/uploads\\\/2020\\\/08\\\/Ico-pos-Rilevazione-intrusione-1.png\",\"datePublished\":\"2020-10-14T12:54:46+00:00\",\"dateModified\":\"2025-09-23T14:42:18+00:00\",\"description\":\"Scopri le informazioni sugli Azionisti di Axitea. Visita la pagina.\",\"breadcrumb\":{\"@id\":\"https:\\\/\\\/www.axitea.com\\\/it\\\/azionisti\\\/#breadcrumb\"},\"inLanguage\":\"it-IT\",\"potentialAction\":[{\"@type\":\"ReadAction\",\"target\":[\"https:\\\/\\\/www.axitea.com\\\/it\\\/azionisti\\\/\"]}]},{\"@type\":\"ImageObject\",\"inLanguage\":\"it-IT\",\"@id\":\"https:\\\/\\\/www.axitea.com\\\/it\\\/azionisti\\\/#primaryimage\",\"url\":\"https:\\\/\\\/www.axitea.com\\\/wp-content\\\/uploads\\\/2020\\\/08\\\/Ico-pos-Rilevazione-intrusione-1.png\",\"contentUrl\":\"https:\\\/\\\/www.axitea.com\\\/wp-content\\\/uploads\\\/2020\\\/08\\\/Ico-pos-Rilevazione-intrusione-1.png\"},{\"@type\":\"BreadcrumbList\",\"@id\":\"https:\\\/\\\/www.axitea.com\\\/it\\\/azionisti\\\/#breadcrumb\",\"itemListElement\":[{\"@type\":\"ListItem\",\"position\":1,\"name\":\"Axitea\",\"item\":\"https:\\\/\\\/www.axitea.com\\\/it\\\/\"},{\"@type\":\"ListItem\",\"position\":2,\"name\":\"Azionisti\"}]},{\"@type\":\"WebSite\",\"@id\":\"https:\\\/\\\/www.axitea.com\\\/it\\\/#website\",\"url\":\"https:\\\/\\\/www.axitea.com\\\/it\\\/\",\"name\":\"AXITEA\",\"description\":\"Security Evolution\",\"publisher\":{\"@id\":\"https:\\\/\\\/www.axitea.com\\\/it\\\/#organization\"},\"potentialAction\":[{\"@type\":\"SearchAction\",\"target\":{\"@type\":\"EntryPoint\",\"urlTemplate\":\"https:\\\/\\\/www.axitea.com\\\/it\\\/?s={search_term_string}\"},\"query-input\":{\"@type\":\"PropertyValueSpecification\",\"valueRequired\":true,\"valueName\":\"search_term_string\"}}],\"inLanguage\":\"it-IT\"},{\"@type\":\"Organization\",\"@id\":\"https:\\\/\\\/www.axitea.com\\\/it\\\/#organization\",\"name\":\"Axitea\",\"url\":\"https:\\\/\\\/www.axitea.com\\\/it\\\/\",\"logo\":{\"@type\":\"ImageObject\",\"inLanguage\":\"it-IT\",\"@id\":\"https:\\\/\\\/www.axitea.com\\\/it\\\/#\\\/schema\\\/logo\\\/image\\\/\",\"url\":\"https:\\\/\\\/www.axitea.com\\\/wp-content\\\/uploads\\\/2020\\\/08\\\/logo-axitea-colore.svg\",\"contentUrl\":\"https:\\\/\\\/www.axitea.com\\\/wp-content\\\/uploads\\\/2020\\\/08\\\/logo-axitea-colore.svg\",\"width\":515,\"height\":217,\"caption\":\"Axitea\"},\"image\":{\"@id\":\"https:\\\/\\\/www.axitea.com\\\/it\\\/#\\\/schema\\\/logo\\\/image\\\/\"}}]}<\/script>\n<!-- \/ Yoast SEO plugin. -->","yoast_head_json":{"title":"Azionisti | Axitea","description":"Scopri le informazioni sugli Azionisti di Axitea. Visita la pagina.","robots":{"index":"index","follow":"follow","max-snippet":"max-snippet:-1","max-image-preview":"max-image-preview:large","max-video-preview":"max-video-preview:-1"},"canonical":"https:\/\/www.axitea.com\/it\/azionisti\/","og_locale":"it_IT","og_type":"article","og_title":"Azionisti | Axitea","og_description":"Scopri le informazioni sugli Azionisti di Axitea. Visita la pagina.","og_url":"https:\/\/www.axitea.com\/it\/azionisti\/","og_site_name":"AXITEA","article_modified_time":"2025-09-23T14:42:18+00:00","og_image":[{"url":"https:\/\/www.axitea.com\/wp-content\/uploads\/2020\/08\/Ico-pos-Rilevazione-intrusione-1.png","type":"","width":"","height":""}],"twitter_card":"summary_large_image","twitter_misc":{"Tempo di lettura stimato":"2 minuti"},"schema":{"@context":"https:\/\/schema.org","@graph":[{"@type":"WebPage","@id":"https:\/\/www.axitea.com\/it\/azionisti\/","url":"https:\/\/www.axitea.com\/it\/azionisti\/","name":"Azionisti | Axitea","isPartOf":{"@id":"https:\/\/www.axitea.com\/it\/#website"},"primaryImageOfPage":{"@id":"https:\/\/www.axitea.com\/it\/azionisti\/#primaryimage"},"image":{"@id":"https:\/\/www.axitea.com\/it\/azionisti\/#primaryimage"},"thumbnailUrl":"https:\/\/www.axitea.com\/wp-content\/uploads\/2020\/08\/Ico-pos-Rilevazione-intrusione-1.png","datePublished":"2020-10-14T12:54:46+00:00","dateModified":"2025-09-23T14:42:18+00:00","description":"Scopri le informazioni sugli Azionisti di Axitea. Visita la pagina.","breadcrumb":{"@id":"https:\/\/www.axitea.com\/it\/azionisti\/#breadcrumb"},"inLanguage":"it-IT","potentialAction":[{"@type":"ReadAction","target":["https:\/\/www.axitea.com\/it\/azionisti\/"]}]},{"@type":"ImageObject","inLanguage":"it-IT","@id":"https:\/\/www.axitea.com\/it\/azionisti\/#primaryimage","url":"https:\/\/www.axitea.com\/wp-content\/uploads\/2020\/08\/Ico-pos-Rilevazione-intrusione-1.png","contentUrl":"https:\/\/www.axitea.com\/wp-content\/uploads\/2020\/08\/Ico-pos-Rilevazione-intrusione-1.png"},{"@type":"BreadcrumbList","@id":"https:\/\/www.axitea.com\/it\/azionisti\/#breadcrumb","itemListElement":[{"@type":"ListItem","position":1,"name":"Axitea","item":"https:\/\/www.axitea.com\/it\/"},{"@type":"ListItem","position":2,"name":"Azionisti"}]},{"@type":"WebSite","@id":"https:\/\/www.axitea.com\/it\/#website","url":"https:\/\/www.axitea.com\/it\/","name":"AXITEA","description":"Security Evolution","publisher":{"@id":"https:\/\/www.axitea.com\/it\/#organization"},"potentialAction":[{"@type":"SearchAction","target":{"@type":"EntryPoint","urlTemplate":"https:\/\/www.axitea.com\/it\/?s={search_term_string}"},"query-input":{"@type":"PropertyValueSpecification","valueRequired":true,"valueName":"search_term_string"}}],"inLanguage":"it-IT"},{"@type":"Organization","@id":"https:\/\/www.axitea.com\/it\/#organization","name":"Axitea","url":"https:\/\/www.axitea.com\/it\/","logo":{"@type":"ImageObject","inLanguage":"it-IT","@id":"https:\/\/www.axitea.com\/it\/#\/schema\/logo\/image\/","url":"https:\/\/www.axitea.com\/wp-content\/uploads\/2020\/08\/logo-axitea-colore.svg","contentUrl":"https:\/\/www.axitea.com\/wp-content\/uploads\/2020\/08\/logo-axitea-colore.svg","width":515,"height":217,"caption":"Axitea"},"image":{"@id":"https:\/\/www.axitea.com\/it\/#\/schema\/logo\/image\/"}}]}},"_links":{"self":[{"href":"https:\/\/www.axitea.com\/it\/wp-json\/wp\/v2\/pages\/2693","targetHints":{"allow":["GET"]}}],"collection":[{"href":"https:\/\/www.axitea.com\/it\/wp-json\/wp\/v2\/pages"}],"about":[{"href":"https:\/\/www.axitea.com\/it\/wp-json\/wp\/v2\/types\/page"}],"author":[{"embeddable":true,"href":"https:\/\/www.axitea.com\/it\/wp-json\/wp\/v2\/users\/3"}],"replies":[{"embeddable":true,"href":"https:\/\/www.axitea.com\/it\/wp-json\/wp\/v2\/comments?post=2693"}],"version-history":[{"count":0,"href":"https:\/\/www.axitea.com\/it\/wp-json\/wp\/v2\/pages\/2693\/revisions"}],"wp:attachment":[{"href":"https:\/\/www.axitea.com\/it\/wp-json\/wp\/v2\/media?parent=2693"}],"wp:term":[{"taxonomy":"folder","embeddable":true,"href":"https:\/\/www.axitea.com\/it\/wp-json\/wp\/v2\/folder?post=2693"}],"curies":[{"name":"wp","href":"https:\/\/api.w.org\/{rel}","templated":true}]}}