{"id":10381,"date":"2023-09-08T17:45:44","date_gmt":"2023-09-08T15:45:44","guid":{"rendered":"https:\/\/www.axitea.com\/?page_id=10381"},"modified":"2025-10-16T16:53:00","modified_gmt":"2025-10-16T14:53:00","slug":"legal","status":"publish","type":"page","link":"https:\/\/www.axitea.com\/it\/legal\/","title":{"rendered":"Legal"},"content":{"rendered":"\n<h1>\n\t\t\tLegal\t<\/h1>\n<h2>\n\t\t\tModello di Organizzazione, Gestione e Controllo ex D.Lgs. 231\/2001\t<\/h2>\n\t<p>Al fine di assicurare la correttezza e la trasparenza nella conduzione degli affari in conformit\u00e0 alle disposizioni di legge e disincentivare condotte scorrette e non etiche nello svolgimento delle proprie attivit\u00e0 aziendali, Axitea S.p.A. ha adottato &#8211; gi\u00e0 a partire dall&#8217;anno 2010 &#8211; un Modello di Organizzazione, Gestione e Controllo ex D.Lgs. 231\/2001 (c.d. MOG).<\/p>\n<p>Il MOG riflette l&#8217;impegno di Axitea per condurre le proprie attivit\u00e0 con la massima integrit\u00e0, trasparenza e responsabilit\u00e0.<\/p>\n<p>Axitea \u00e8 infatti determinata a promuovere una cultura aziendale etica e ad incoraggiare la collaborazione di tutti gli stakeholder (interni ed esterni) per mantenere gli standard pi\u00f9 elevati di legalit\u00e0 e comportamento etico.<\/p>\n\t\t\t<a href=\"https:\/\/www.axitea.com\/wp-content\/uploads\/2024\/12\/MOG-231-Axitea-29.09.2025.pdf\" target=\"_self\">\n\t\t\t\t\t\t\tModello di Organizzazione, Gestione e Controllo ex D.Lgs. 231\/2001\n\t\t\t<\/a>\n<h2>\n\t\t\tCodice Etico\t<\/h2>\n\t<p>In un mercato delicato come quello dei servizi di sicurezza \u00e8 richiesto un impegno che preveda la dotazione di strumenti atti a prevenire comportamenti irresponsabili o illeciti. Tutto ci\u00f2 per una tutela dei soggetti coinvolti direttamente o indirettamente nell&#8217;attivit\u00e0 dell&#8217;azienda (clienti, dipendenti, fornitori, soci, cittadini, istituzioni).<\/p>\n<p>Axitea ha adottato un codice etico e si \u00e8 dotata di un organismo di vigilanza e di metodologie operative volte alla concreta applicazione dei principi di legge. Tale documento costituisce espressione dell&#8217;autoregolamentazione della societ\u00e0, ai fini del D.Lgs. 8 giugno 2001, n. 231 e i suoi contenuti sono rivolti a ogni soggetto che a qualunque titolo entra in rapporto con essa. Il codice etico ha l&#8217;obiettivo di formalizzare le modalit\u00e0 di gestione di Axitea uniformandone i comportamenti a modelli di legalit\u00e0, lealt\u00e0, correttezza ed efficienza economica nei rapporti sia interni che esterni.<\/p>\n<p>Questo documento si applica e guida la condotta di tutta l&#8217;azienda; pertanto, il codice etico \u00e8 vincolante per i comportamenti di tutti gli amministratori, dipendenti e collaboratori esterni di Axitea. Il rispetto delle indicazioni e prescrizioni \u00e8 condizione ineludibile per l&#8217;avvio o la prosecuzione di ogni rapporto con Axitea.<\/p>\n\t\t\t<a href=\"https:\/\/www.axitea.com\/wp-content\/uploads\/2023\/07\/Codice-etico-Axitea.pdf\" target=\"_self\">\n\t\t\t\t\t\t\tCodice Etico\n\t\t\t<\/a>\n<h2>\n\t\t\tProcedura Whistleblowing\t<\/h2>\n\t<p>Axitea S.p.A., nell&#8217;ambito della propria attivit\u00e0, intende promuovere una cultura aziendale caratterizzata da comportamenti corretti, e ci\u00f2 anche a tutela dell&#8217;integrit\u00e0 della Societ\u00e0 stessa. <\/p>\n<p>Per questo motivo ha adottato una Procedura di Whistleblowing, con lo scopo di disciplinare la gestione delle segnalazioni di comportamenti illegittimi all&#8217;interno della Societ\u00e0<\/p>\n<p>La presente Procedura si applica a tutti coloro che interagiscono con Axitea, e quindi il socio unico, gli amministratori, i sindaci, i dipendenti, i collaboratori, anche occasionali, Agenti di Commercio, clienti, fornitori e consulenti della Societ\u00e0. <\/p>\n\t\t\t<a href=\"https:\/\/www.axitea.com\/wp-content\/uploads\/2024\/01\/Procedura-Whistleblowing-Axitea.pdf\" target=\"_self\">\n\t\t\t\t\t\t\tProcedura Whistleblowing\n\t\t\t<\/a>\n<h2>\n\t\t\tPolitica Anticorruzione\t<\/h2>\n\t<p>Axitea si impegna a condurre tutte le attivit\u00e0 commerciali in modo etico e conforme alle leggi vigenti.<\/p>\n<p>In tal senso, l&#8217;azienda ha adottato una Politica Anticorruzione fondata sui princ\u00ecpi di trasparenza, integrit\u00e0 e responsabilit\u00e0, le cui finalit\u00e0 sono quelle di contrastare integralmente il fenomeno corruttivo nonch\u00e9 la distorsione delle regole, della correttezza e della competitivit\u00e0 dei mercati.<\/p>\n<p>Tali finalit\u00e0 vengono perseguite da Axitea mediante la formazione costante ai propri lavoratori ed il coinvolgimento dei soci in affari, in un approccio di &#8220;tolleranza zero&#8221; nei confronti della corruzione volto a creare un ambiente di lavoro etico ed affidabile.<\/p>\n\t\t\t<a href=\"https:\/\/www.axitea.com\/wp-content\/uploads\/2023\/07\/Politica-Anticorruzione.pdf\" target=\"_self\">\n\t\t\t\t\t\t\tPolitica Anticorruzione\n\t\t\t<\/a>\n\n","protected":false},"excerpt":{"rendered":"<p>Legal Modello di Organizzazione, Gestione e Controllo ex D.Lgs. 231\/2001 Al fine di assicurare la correttezza e la trasparenza nella conduzione degli affari in conformit\u00e0 alle disposizioni di legge e disincentivare condotte scorrette e non etiche nello svolgimento delle proprie attivit\u00e0 aziendali, Axitea S.p.A. ha adottato &#8211; gi\u00e0 a partire dall&#8217;anno 2010 &#8211; un Modello &hellip;<\/p>\n<p class=\"read-more\"> <a class=\"\" href=\"https:\/\/www.axitea.com\/it\/legal\/\"> <span class=\"screen-reader-text\">Legal<\/span> Leggi tutto \u00bb<\/a><\/p>\n","protected":false},"author":5,"featured_media":0,"parent":0,"menu_order":0,"comment_status":"closed","ping_status":"closed","template":"","meta":{"_acf_changed":false,"inline_featured_image":false,"site-sidebar-layout":"no-sidebar","site-content-layout":"page-builder","ast-site-content-layout":"","site-content-style":"default","site-sidebar-style":"default","ast-global-header-display":"","ast-banner-title-visibility":"","ast-main-header-display":"","ast-hfb-above-header-display":"","ast-hfb-below-header-display":"","ast-hfb-mobile-header-display":"","site-post-title":"disabled","ast-breadcrumbs-content":"","ast-featured-img":"disabled","footer-sml-layout":"","theme-transparent-header-meta":"default","adv-header-id-meta":"","stick-header-meta":"default","header-above-stick-meta":"","header-main-stick-meta":"","header-below-stick-meta":"","astra-migrate-meta-layouts":"","ast-page-background-enabled":"default","ast-page-background-meta":{"desktop":{"background-color":"","background-image":"","background-repeat":"repeat","background-position":"center center","background-size":"auto","background-attachment":"scroll","background-type":"","background-media":"","overlay-type":"","overlay-color":"","overlay-gradient":""},"tablet":{"background-color":"","background-image":"","background-repeat":"repeat","background-position":"center center","background-size":"auto","background-attachment":"scroll","background-type":"","background-media":"","overlay-type":"","overlay-color":"","overlay-gradient":""},"mobile":{"background-color":"","background-image":"","background-repeat":"repeat","background-position":"center center","background-size":"auto","background-attachment":"scroll","background-type":"","background-media":"","overlay-type":"","overlay-color":"","overlay-gradient":""}},"ast-content-background-meta":{"desktop":{"background-color":"var(--ast-global-color-5)","background-image":"","background-repeat":"repeat","background-position":"center center","background-size":"auto","background-attachment":"scroll","background-type":"","background-media":"","overlay-type":"","overlay-color":"","overlay-gradient":""},"tablet":{"background-color":"var(--ast-global-color-5)","background-image":"","background-repeat":"repeat","background-position":"center center","background-size":"auto","background-attachment":"scroll","background-type":"","background-media":"","overlay-type":"","overlay-color":"","overlay-gradient":""},"mobile":{"background-color":"var(--ast-global-color-5)","background-image":"","background-repeat":"repeat","background-position":"center center","background-size":"auto","background-attachment":"scroll","background-type":"","background-media":"","overlay-type":"","overlay-color":"","overlay-gradient":""}},"footnotes":""},"folder":[],"class_list":["post-10381","page","type-page","status-publish","hentry"],"acf":[],"yoast_head":"<!-- This site is optimized with the Yoast SEO plugin v27.5 - https:\/\/yoast.com\/product\/yoast-seo-wordpress\/ -->\n<title>Legal | Axitea<\/title>\n<meta name=\"description\" content=\"Sezione Legal di Axitea.\" \/>\n<meta name=\"robots\" content=\"index, follow, max-snippet:-1, max-image-preview:large, max-video-preview:-1\" \/>\n<link rel=\"canonical\" href=\"https:\/\/www.axitea.com\/it\/legal\/\" \/>\n<meta property=\"og:locale\" content=\"it_IT\" \/>\n<meta property=\"og:type\" content=\"article\" \/>\n<meta property=\"og:title\" content=\"Legal | Axitea\" \/>\n<meta property=\"og:description\" content=\"Sezione Legal di Axitea.\" \/>\n<meta property=\"og:url\" content=\"https:\/\/www.axitea.com\/it\/legal\/\" \/>\n<meta property=\"og:site_name\" content=\"AXITEA\" \/>\n<meta property=\"article:modified_time\" content=\"2025-10-16T14:53:00+00:00\" \/>\n<meta name=\"twitter:card\" content=\"summary_large_image\" \/>\n<meta name=\"twitter:label1\" content=\"Tempo di lettura stimato\" \/>\n\t<meta name=\"twitter:data1\" content=\"3 minuti\" \/>\n<script type=\"application\/ld+json\" class=\"yoast-schema-graph\">{\"@context\":\"https:\\\/\\\/schema.org\",\"@graph\":[{\"@type\":\"WebPage\",\"@id\":\"https:\\\/\\\/www.axitea.com\\\/it\\\/legal\\\/\",\"url\":\"https:\\\/\\\/www.axitea.com\\\/it\\\/legal\\\/\",\"name\":\"Legal | Axitea\",\"isPartOf\":{\"@id\":\"https:\\\/\\\/www.axitea.com\\\/it\\\/#website\"},\"datePublished\":\"2023-09-08T15:45:44+00:00\",\"dateModified\":\"2025-10-16T14:53:00+00:00\",\"description\":\"Sezione Legal di Axitea.\",\"breadcrumb\":{\"@id\":\"https:\\\/\\\/www.axitea.com\\\/it\\\/legal\\\/#breadcrumb\"},\"inLanguage\":\"it-IT\",\"potentialAction\":[{\"@type\":\"ReadAction\",\"target\":[\"https:\\\/\\\/www.axitea.com\\\/it\\\/legal\\\/\"]}]},{\"@type\":\"BreadcrumbList\",\"@id\":\"https:\\\/\\\/www.axitea.com\\\/it\\\/legal\\\/#breadcrumb\",\"itemListElement\":[{\"@type\":\"ListItem\",\"position\":1,\"name\":\"Axitea\",\"item\":\"https:\\\/\\\/www.axitea.com\\\/it\\\/\"},{\"@type\":\"ListItem\",\"position\":2,\"name\":\"Legal\"}]},{\"@type\":\"WebSite\",\"@id\":\"https:\\\/\\\/www.axitea.com\\\/it\\\/#website\",\"url\":\"https:\\\/\\\/www.axitea.com\\\/it\\\/\",\"name\":\"AXITEA\",\"description\":\"Security Evolution\",\"publisher\":{\"@id\":\"https:\\\/\\\/www.axitea.com\\\/it\\\/#organization\"},\"potentialAction\":[{\"@type\":\"SearchAction\",\"target\":{\"@type\":\"EntryPoint\",\"urlTemplate\":\"https:\\\/\\\/www.axitea.com\\\/it\\\/?s={search_term_string}\"},\"query-input\":{\"@type\":\"PropertyValueSpecification\",\"valueRequired\":true,\"valueName\":\"search_term_string\"}}],\"inLanguage\":\"it-IT\"},{\"@type\":\"Organization\",\"@id\":\"https:\\\/\\\/www.axitea.com\\\/it\\\/#organization\",\"name\":\"Axitea\",\"url\":\"https:\\\/\\\/www.axitea.com\\\/it\\\/\",\"logo\":{\"@type\":\"ImageObject\",\"inLanguage\":\"it-IT\",\"@id\":\"https:\\\/\\\/www.axitea.com\\\/it\\\/#\\\/schema\\\/logo\\\/image\\\/\",\"url\":\"https:\\\/\\\/www.axitea.com\\\/wp-content\\\/uploads\\\/2020\\\/08\\\/logo-axitea-colore.svg\",\"contentUrl\":\"https:\\\/\\\/www.axitea.com\\\/wp-content\\\/uploads\\\/2020\\\/08\\\/logo-axitea-colore.svg\",\"width\":515,\"height\":217,\"caption\":\"Axitea\"},\"image\":{\"@id\":\"https:\\\/\\\/www.axitea.com\\\/it\\\/#\\\/schema\\\/logo\\\/image\\\/\"}}]}<\/script>\n<!-- \/ Yoast SEO plugin. -->","yoast_head_json":{"title":"Legal | Axitea","description":"Sezione Legal di Axitea.","robots":{"index":"index","follow":"follow","max-snippet":"max-snippet:-1","max-image-preview":"max-image-preview:large","max-video-preview":"max-video-preview:-1"},"canonical":"https:\/\/www.axitea.com\/it\/legal\/","og_locale":"it_IT","og_type":"article","og_title":"Legal | Axitea","og_description":"Sezione Legal di Axitea.","og_url":"https:\/\/www.axitea.com\/it\/legal\/","og_site_name":"AXITEA","article_modified_time":"2025-10-16T14:53:00+00:00","twitter_card":"summary_large_image","twitter_misc":{"Tempo di lettura stimato":"3 minuti"},"schema":{"@context":"https:\/\/schema.org","@graph":[{"@type":"WebPage","@id":"https:\/\/www.axitea.com\/it\/legal\/","url":"https:\/\/www.axitea.com\/it\/legal\/","name":"Legal | Axitea","isPartOf":{"@id":"https:\/\/www.axitea.com\/it\/#website"},"datePublished":"2023-09-08T15:45:44+00:00","dateModified":"2025-10-16T14:53:00+00:00","description":"Sezione Legal di Axitea.","breadcrumb":{"@id":"https:\/\/www.axitea.com\/it\/legal\/#breadcrumb"},"inLanguage":"it-IT","potentialAction":[{"@type":"ReadAction","target":["https:\/\/www.axitea.com\/it\/legal\/"]}]},{"@type":"BreadcrumbList","@id":"https:\/\/www.axitea.com\/it\/legal\/#breadcrumb","itemListElement":[{"@type":"ListItem","position":1,"name":"Axitea","item":"https:\/\/www.axitea.com\/it\/"},{"@type":"ListItem","position":2,"name":"Legal"}]},{"@type":"WebSite","@id":"https:\/\/www.axitea.com\/it\/#website","url":"https:\/\/www.axitea.com\/it\/","name":"AXITEA","description":"Security Evolution","publisher":{"@id":"https:\/\/www.axitea.com\/it\/#organization"},"potentialAction":[{"@type":"SearchAction","target":{"@type":"EntryPoint","urlTemplate":"https:\/\/www.axitea.com\/it\/?s={search_term_string}"},"query-input":{"@type":"PropertyValueSpecification","valueRequired":true,"valueName":"search_term_string"}}],"inLanguage":"it-IT"},{"@type":"Organization","@id":"https:\/\/www.axitea.com\/it\/#organization","name":"Axitea","url":"https:\/\/www.axitea.com\/it\/","logo":{"@type":"ImageObject","inLanguage":"it-IT","@id":"https:\/\/www.axitea.com\/it\/#\/schema\/logo\/image\/","url":"https:\/\/www.axitea.com\/wp-content\/uploads\/2020\/08\/logo-axitea-colore.svg","contentUrl":"https:\/\/www.axitea.com\/wp-content\/uploads\/2020\/08\/logo-axitea-colore.svg","width":515,"height":217,"caption":"Axitea"},"image":{"@id":"https:\/\/www.axitea.com\/it\/#\/schema\/logo\/image\/"}}]}},"_links":{"self":[{"href":"https:\/\/www.axitea.com\/it\/wp-json\/wp\/v2\/pages\/10381","targetHints":{"allow":["GET"]}}],"collection":[{"href":"https:\/\/www.axitea.com\/it\/wp-json\/wp\/v2\/pages"}],"about":[{"href":"https:\/\/www.axitea.com\/it\/wp-json\/wp\/v2\/types\/page"}],"author":[{"embeddable":true,"href":"https:\/\/www.axitea.com\/it\/wp-json\/wp\/v2\/users\/5"}],"replies":[{"embeddable":true,"href":"https:\/\/www.axitea.com\/it\/wp-json\/wp\/v2\/comments?post=10381"}],"version-history":[{"count":0,"href":"https:\/\/www.axitea.com\/it\/wp-json\/wp\/v2\/pages\/10381\/revisions"}],"wp:attachment":[{"href":"https:\/\/www.axitea.com\/it\/wp-json\/wp\/v2\/media?parent=10381"}],"wp:term":[{"taxonomy":"folder","embeddable":true,"href":"https:\/\/www.axitea.com\/it\/wp-json\/wp\/v2\/folder?post=10381"}],"curies":[{"name":"wp","href":"https:\/\/api.w.org\/{rel}","templated":true}]}}